{"id":178,"date":"2024-11-11T21:13:38","date_gmt":"2024-11-11T20:13:38","guid":{"rendered":"https:\/\/purexbox.pl\/?page_id=178"},"modified":"2025-09-30T20:34:19","modified_gmt":"2025-09-30T18:34:19","slug":"jak-kupic","status":"publish","type":"page","link":"https:\/\/purexbox.pl\/index.php\/jak-kupic\/","title":{"rendered":"Jak kupi\u0107"},"content":{"rendered":"\n<p>W celu zakupienia zestawu prosimy o przes\u0142anie zapytania na adres mailowy:<\/p>\n\n\n\n<p><strong>info@slab-systems.pl<\/strong><\/p>\n\n\n\n<p>W mailu prosimy o podanie:<\/p>\n\n\n\n<ul class=\"wp-block-list\">\n<li><strong>Twoje dane <\/strong>(imi\u0119, nazwisko, adres)<\/li>\n\n\n\n<li><strong>Dane firmy <\/strong>(nazwa, adres, NIP)<\/li>\n\n\n\n<li><strong>Adres mailowy<\/strong><\/li>\n\n\n\n<li><strong>Numer telefonu<\/strong><\/li>\n<\/ul>\n\n\n\n<p>Wybierz zestaw:<\/p>\n\n\n\n<ul class=\"wp-block-list\">\n<li>Purex Box<strong> SEMI \u2013 20,6 kg<\/strong><\/li>\n\n\n\n<li>Purex Box <strong>PRO \u2013 45,1 kg<\/strong><\/li>\n<\/ul>\n\n\n\n<p>Ceny orientacyjne:<br>Kwoty oraz wszelkie informacje zwarte na tej stronie internetowej stanowi\u0105 charakter informacyjny i nie stanowi\u0105 oferty w rozumieniu art. 66 K.c.<\/p>\n\n\n\n<ul class=\"wp-block-list\">\n<li>Purex Box<strong> SEMI \u2013 20,6 kg<\/strong> &#8211; orientacyjna cena: 2 728 z\u0142 netto,  3 438 z\u0142 brutto<\/li>\n\n\n\n<li>Purex Box <strong>PRO \u2013 45,1 kg<\/strong> &#8211; orientacyjna cena: 3 950 z\u0142 netto, 4 858 z\u0142 brutto.<\/li>\n<\/ul>\n\n\n\n<p><strong>UWAGA! Powy\u017csze ceny nie stanowi\u0105 oferty. Podane kwoty stanowi\u0105 jedynie orientacyjny poziom cenowy. <\/strong><\/p>\n\n\n\n<p>Aktualna oferta cenowa jest wysy\u0142ana mailowo ka\u017cdorazowo na pisemne zapytanie i podanie danych klienta.  <\/p>\n","protected":false},"excerpt":{"rendered":"<p>W celu zakupienia zestawu prosimy o przes\u0142anie zapytania na adres mailowy: info@slab-systems.pl W mailu prosimy o podanie: Wybierz zestaw: Ceny orientacyjne:Kwoty oraz wszelkie informacje zwarte na tej stronie internetowej stanowi\u0105 charakter informacyjny i nie stanowi\u0105 oferty w rozumieniu art. 66 K.c. UWAGA! Powy\u017csze ceny nie stanowi\u0105 oferty. Podane kwoty stanowi\u0105 jedynie orientacyjny poziom cenowy. Aktualna [&hellip;]<\/p>\n","protected":false},"author":1,"featured_media":0,"parent":0,"menu_order":0,"comment_status":"closed","ping_status":"closed","template":"","meta":{"_et_pb_use_builder":"off","_et_pb_old_content":"","_et_gb_content_width":"","footnotes":""},"class_list":["post-178","page","type-page","status-publish","hentry"],"_links":{"self":[{"href":"https:\/\/purexbox.pl\/index.php\/wp-json\/wp\/v2\/pages\/178","targetHints":{"allow":["GET"]}}],"collection":[{"href":"https:\/\/purexbox.pl\/index.php\/wp-json\/wp\/v2\/pages"}],"about":[{"href":"https:\/\/purexbox.pl\/index.php\/wp-json\/wp\/v2\/types\/page"}],"author":[{"embeddable":true,"href":"https:\/\/purexbox.pl\/index.php\/wp-json\/wp\/v2\/users\/1"}],"replies":[{"embeddable":true,"href":"https:\/\/purexbox.pl\/index.php\/wp-json\/wp\/v2\/comments?post=178"}],"version-history":[{"count":3,"href":"https:\/\/purexbox.pl\/index.php\/wp-json\/wp\/v2\/pages\/178\/revisions"}],"predecessor-version":[{"id":319,"href":"https:\/\/purexbox.pl\/index.php\/wp-json\/wp\/v2\/pages\/178\/revisions\/319"}],"wp:attachment":[{"href":"https:\/\/purexbox.pl\/index.php\/wp-json\/wp\/v2\/media?parent=178"}],"curies":[{"name":"wp","href":"https:\/\/api.w.org\/{rel}","templated":true}]}}