{"id":169,"date":"2024-11-11T20:24:19","date_gmt":"2024-11-11T19:24:19","guid":{"rendered":"https:\/\/purexbox.pl\/?page_id=169"},"modified":"2024-11-11T21:17:17","modified_gmt":"2024-11-11T20:17:17","slug":"sklad-zestawu","status":"publish","type":"page","link":"https:\/\/purexbox.pl\/index.php\/sklad-zestawu\/","title":{"rendered":"Sk\u0142ad zestawu"},"content":{"rendered":"\n<ul class=\"wp-block-list\">\n<li>Butla zielona A<\/li>\n\n\n\n<li>Butla czarna B<\/li>\n\n\n\n<li>Pistolet wyposa\u017cony w w\u0119\u017ce<\/li>\n\n\n\n<li>3 dysze z mikserem<\/li>\n\n\n\n<li>Niezb\u0119dnik (r\u0119kawice, klucz, wazelina techniczna, okulary ochronne, adapter, maska ochronna, kombinezon, czy\u015bcik).<\/li>\n<\/ul>\n\n\n\n<p><\/p>\n\n\n\n<p><strong>BUTLA A + BUTLA B + PISTOLET + W\u0118\u017bE + DYSZE<\/strong><\/p>\n\n\n\n<div class=\"wp-block-columns is-layout-flex wp-container-core-columns-is-layout-9d6595d7 wp-block-columns-is-layout-flex\">\n<div class=\"wp-block-column is-layout-flow wp-block-column-is-layout-flow\">\n<div class=\"wp-block-columns is-layout-flex wp-container-core-columns-is-layout-9d6595d7 wp-block-columns-is-layout-flex\">\n<div class=\"wp-block-column is-layout-flow wp-block-column-is-layout-flow\" style=\"flex-basis:33.33%\">\n<figure class=\"wp-block-image size-full\"><img loading=\"lazy\" decoding=\"async\" width=\"512\" height=\"512\" src=\"https:\/\/purexbox.pl\/wp-content\/uploads\/2024\/11\/cropped-butle.png\" alt=\"\" class=\"wp-image-123\" srcset=\"https:\/\/purexbox.pl\/wp-content\/uploads\/2024\/11\/cropped-butle.png 512w, https:\/\/purexbox.pl\/wp-content\/uploads\/2024\/11\/cropped-butle-480x480.png 480w\" sizes=\"auto, (min-width: 0px) and (max-width: 480px) 480px, (min-width: 481px) 512px, 100vw\" \/><\/figure>\n<\/div>\n\n\n\n<div class=\"wp-block-column is-layout-flow wp-block-column-is-layout-flow\" style=\"flex-basis:66.66%\">\n<figure class=\"wp-block-image size-full is-resized\"><img loading=\"lazy\" decoding=\"async\" width=\"400\" height=\"228\" src=\"https:\/\/purexbox.pl\/wp-content\/uploads\/2024\/11\/pistolet.png\" alt=\"\" class=\"wp-image-89\" style=\"width:470px;height:auto\" srcset=\"https:\/\/purexbox.pl\/wp-content\/uploads\/2024\/11\/pistolet.png 400w, https:\/\/purexbox.pl\/wp-content\/uploads\/2024\/11\/pistolet-300x171.png 300w\" sizes=\"auto, (max-width: 400px) 100vw, 400px\" \/><\/figure>\n<\/div>\n<\/div>\n<\/div>\n<\/div>\n\n\n\n<p><strong>NIEZB\u0118DNIK  (DODATKOWE AKCESORIA)<\/strong><\/p>\n\n\n\n<div class=\"wp-block-columns is-layout-flex wp-container-core-columns-is-layout-9d6595d7 wp-block-columns-is-layout-flex\">\n<div class=\"wp-block-column is-layout-flow wp-block-column-is-layout-flow\" style=\"flex-basis:100%\">\n<figure class=\"wp-block-image size-full is-resized\"><img loading=\"lazy\" decoding=\"async\" width=\"906\" height=\"519\" src=\"https:\/\/purexbox.pl\/wp-content\/uploads\/2024\/11\/niezbednik-1.png\" alt=\"\" class=\"wp-image-87\" style=\"width:822px;height:auto\" srcset=\"https:\/\/purexbox.pl\/wp-content\/uploads\/2024\/11\/niezbednik-1.png 906w, https:\/\/purexbox.pl\/wp-content\/uploads\/2024\/11\/niezbednik-1-480x275.png 480w\" sizes=\"auto, (min-width: 0px) and (max-width: 480px) 480px, (min-width: 481px) 906px, 100vw\" \/><\/figure>\n\n\n\n<p>Wygl\u0105d etykiet i osprz\u0119tu mo\u017ce si\u0119 nieznacznie r\u00f3\u017cni\u0107 od przedstawionego na zdj\u0119ciach, co nie wp\u0142ywa na u\u017cytkowanie i w\u0142a\u015bciwo\u015bci produktu. <\/p>\n<\/div>\n<\/div>\n","protected":false},"excerpt":{"rendered":"<p>BUTLA A + BUTLA B + PISTOLET + W\u0118\u017bE + DYSZE NIEZB\u0118DNIK (DODATKOWE AKCESORIA) Wygl\u0105d etykiet i osprz\u0119tu mo\u017ce si\u0119 nieznacznie r\u00f3\u017cni\u0107 od przedstawionego na zdj\u0119ciach, co nie wp\u0142ywa na u\u017cytkowanie i w\u0142a\u015bciwo\u015bci produktu.<\/p>\n","protected":false},"author":1,"featured_media":0,"parent":0,"menu_order":0,"comment_status":"closed","ping_status":"closed","template":"","meta":{"_et_pb_use_builder":"off","_et_pb_old_content":"","_et_gb_content_width":"","footnotes":""},"class_list":["post-169","page","type-page","status-publish","hentry"],"_links":{"self":[{"href":"https:\/\/purexbox.pl\/index.php\/wp-json\/wp\/v2\/pages\/169","targetHints":{"allow":["GET"]}}],"collection":[{"href":"https:\/\/purexbox.pl\/index.php\/wp-json\/wp\/v2\/pages"}],"about":[{"href":"https:\/\/purexbox.pl\/index.php\/wp-json\/wp\/v2\/types\/page"}],"author":[{"embeddable":true,"href":"https:\/\/purexbox.pl\/index.php\/wp-json\/wp\/v2\/users\/1"}],"replies":[{"embeddable":true,"href":"https:\/\/purexbox.pl\/index.php\/wp-json\/wp\/v2\/comments?post=169"}],"version-history":[{"count":7,"href":"https:\/\/purexbox.pl\/index.php\/wp-json\/wp\/v2\/pages\/169\/revisions"}],"predecessor-version":[{"id":182,"href":"https:\/\/purexbox.pl\/index.php\/wp-json\/wp\/v2\/pages\/169\/revisions\/182"}],"wp:attachment":[{"href":"https:\/\/purexbox.pl\/index.php\/wp-json\/wp\/v2\/media?parent=169"}],"curies":[{"name":"wp","href":"https:\/\/api.w.org\/{rel}","templated":true}]}}