{"id":130,"date":"2024-11-10T22:13:50","date_gmt":"2024-11-10T21:13:50","guid":{"rendered":"https:\/\/purexbox.pl\/?page_id=130"},"modified":"2024-11-10T22:31:43","modified_gmt":"2024-11-10T21:31:43","slug":"instrukcja-3","status":"publish","type":"page","link":"https:\/\/purexbox.pl\/index.php\/instrukcja-3\/","title":{"rendered":"Instrukcja"},"content":{"rendered":"\n<p>Uwaga! Poni\u017csza instrukcja ma jedynie charakter pogl\u0105dowy.<\/p>\n\n\n\n<p>Stosowa\u0107 \u015bci\u015ble wed\u0142ug instrukcji. Przed zastosowaniem zapoznaj si\u0119 z kart\u0105 charakterystyki i kart\u0105 techniczn\u0105.<\/p>\n\n\n\n<p>Ka\u017cdorazowo u\u017cytkownik zobowi\u0105zany jest do sprawdzenia przydatno\u015bci produktu i \u015brodk\u00f3w pomocniczych dla konkretnego zastosowania.<\/p>\n\n\n\n<p>Pistolet i w\u0119\u017ce s\u0105 wielkokrotnego u\u017cytku, dlatego po ka\u017cdej aplikacji konieczne jest wyczyszczenie aplikatora wraz z akcesoriami.<\/p>\n\n\n\n<figure class=\"wp-block-image size-full\"><img loading=\"lazy\" decoding=\"async\" width=\"860\" height=\"840\" src=\"https:\/\/purexbox.pl\/wp-content\/uploads\/2024\/11\/instrukcja-2.png\" alt=\"\" class=\"wp-image-86\" srcset=\"https:\/\/purexbox.pl\/wp-content\/uploads\/2024\/11\/instrukcja-2.png 860w, https:\/\/purexbox.pl\/wp-content\/uploads\/2024\/11\/instrukcja-2-480x469.png 480w\" sizes=\"auto, (min-width: 0px) and (max-width: 480px) 480px, (min-width: 481px) 860px, 100vw\" \/><\/figure>\n\n\n\n<figure class=\"wp-block-image size-full\"><img loading=\"lazy\" decoding=\"async\" width=\"892\" height=\"716\" src=\"https:\/\/purexbox.pl\/wp-content\/uploads\/2024\/11\/Bez-tytulu.png\" alt=\"\" class=\"wp-image-132\" srcset=\"https:\/\/purexbox.pl\/wp-content\/uploads\/2024\/11\/Bez-tytulu.png 892w, https:\/\/purexbox.pl\/wp-content\/uploads\/2024\/11\/Bez-tytulu-480x385.png 480w\" sizes=\"auto, (min-width: 0px) and (max-width: 480px) 480px, (min-width: 481px) 892px, 100vw\" \/><\/figure>\n","protected":false},"excerpt":{"rendered":"<p>Uwaga! Poni\u017csza instrukcja ma jedynie charakter pogl\u0105dowy. Stosowa\u0107 \u015bci\u015ble wed\u0142ug instrukcji. Przed zastosowaniem zapoznaj si\u0119 z kart\u0105 charakterystyki i kart\u0105 techniczn\u0105. Ka\u017cdorazowo u\u017cytkownik zobowi\u0105zany jest do sprawdzenia przydatno\u015bci produktu i \u015brodk\u00f3w pomocniczych dla konkretnego zastosowania. Pistolet i w\u0119\u017ce s\u0105 wielkokrotnego u\u017cytku, dlatego po ka\u017cdej aplikacji konieczne jest wyczyszczenie aplikatora wraz z akcesoriami.<\/p>\n","protected":false},"author":1,"featured_media":0,"parent":0,"menu_order":0,"comment_status":"closed","ping_status":"closed","template":"","meta":{"_et_pb_use_builder":"off","_et_pb_old_content":"","_et_gb_content_width":"","footnotes":""},"class_list":["post-130","page","type-page","status-publish","hentry"],"_links":{"self":[{"href":"https:\/\/purexbox.pl\/index.php\/wp-json\/wp\/v2\/pages\/130","targetHints":{"allow":["GET"]}}],"collection":[{"href":"https:\/\/purexbox.pl\/index.php\/wp-json\/wp\/v2\/pages"}],"about":[{"href":"https:\/\/purexbox.pl\/index.php\/wp-json\/wp\/v2\/types\/page"}],"author":[{"embeddable":true,"href":"https:\/\/purexbox.pl\/index.php\/wp-json\/wp\/v2\/users\/1"}],"replies":[{"embeddable":true,"href":"https:\/\/purexbox.pl\/index.php\/wp-json\/wp\/v2\/comments?post=130"}],"version-history":[{"count":4,"href":"https:\/\/purexbox.pl\/index.php\/wp-json\/wp\/v2\/pages\/130\/revisions"}],"predecessor-version":[{"id":155,"href":"https:\/\/purexbox.pl\/index.php\/wp-json\/wp\/v2\/pages\/130\/revisions\/155"}],"wp:attachment":[{"href":"https:\/\/purexbox.pl\/index.php\/wp-json\/wp\/v2\/media?parent=130"}],"curies":[{"name":"wp","href":"https:\/\/api.w.org\/{rel}","templated":true}]}}