{"id":128,"date":"2024-11-10T22:08:11","date_gmt":"2024-11-10T21:08:11","guid":{"rendered":"https:\/\/purexbox.pl\/?page_id=128"},"modified":"2024-11-10T22:24:42","modified_gmt":"2024-11-10T21:24:42","slug":"wlasciwosci","status":"publish","type":"page","link":"https:\/\/purexbox.pl\/index.php\/wlasciwosci\/","title":{"rendered":"W\u0142a\u015bciwo\u015bci"},"content":{"rendered":"\n<p>Pe\u0142ne parametry dotycz\u0105ce produktu dost\u0119pne s\u0105 w jego karcie technicznej.<\/p>\n\n\n\n<p>Karta techniczna i karta charakterystyki jest wysy\u0142ana podczas zakupu zestawu.<\/p>\n\n\n\n<figure class=\"wp-block-image size-full\"><img loading=\"lazy\" decoding=\"async\" width=\"876\" height=\"450\" src=\"https:\/\/purexbox.pl\/wp-content\/uploads\/2024\/11\/wlasciowsci-PUREX-BOX-1.png\" alt=\"\" class=\"wp-image-146\" srcset=\"https:\/\/purexbox.pl\/wp-content\/uploads\/2024\/11\/wlasciowsci-PUREX-BOX-1.png 876w, https:\/\/purexbox.pl\/wp-content\/uploads\/2024\/11\/wlasciowsci-PUREX-BOX-1-480x247.png 480w\" sizes=\"auto, (min-width: 0px) and (max-width: 480px) 480px, (min-width: 481px) 876px, 100vw\" \/><\/figure>\n\n\n\n<div class=\"wp-block-columns is-layout-flex wp-container-core-columns-is-layout-9d6595d7 wp-block-columns-is-layout-flex\">\n<div class=\"wp-block-column is-layout-flow wp-block-column-is-layout-flow\" style=\"flex-basis:100%\"><\/div>\n<\/div>\n\n\n\n<p><\/p>\n","protected":false},"excerpt":{"rendered":"<p>Pe\u0142ne parametry dotycz\u0105ce produktu dost\u0119pne s\u0105 w jego karcie technicznej. Karta techniczna i karta charakterystyki jest wysy\u0142ana podczas zakupu zestawu.<\/p>\n","protected":false},"author":1,"featured_media":0,"parent":0,"menu_order":0,"comment_status":"closed","ping_status":"closed","template":"","meta":{"_et_pb_use_builder":"off","_et_pb_old_content":"","_et_gb_content_width":"","footnotes":""},"class_list":["post-128","page","type-page","status-publish","hentry"],"_links":{"self":[{"href":"https:\/\/purexbox.pl\/index.php\/wp-json\/wp\/v2\/pages\/128","targetHints":{"allow":["GET"]}}],"collection":[{"href":"https:\/\/purexbox.pl\/index.php\/wp-json\/wp\/v2\/pages"}],"about":[{"href":"https:\/\/purexbox.pl\/index.php\/wp-json\/wp\/v2\/types\/page"}],"author":[{"embeddable":true,"href":"https:\/\/purexbox.pl\/index.php\/wp-json\/wp\/v2\/users\/1"}],"replies":[{"embeddable":true,"href":"https:\/\/purexbox.pl\/index.php\/wp-json\/wp\/v2\/comments?post=128"}],"version-history":[{"count":7,"href":"https:\/\/purexbox.pl\/index.php\/wp-json\/wp\/v2\/pages\/128\/revisions"}],"predecessor-version":[{"id":147,"href":"https:\/\/purexbox.pl\/index.php\/wp-json\/wp\/v2\/pages\/128\/revisions\/147"}],"wp:attachment":[{"href":"https:\/\/purexbox.pl\/index.php\/wp-json\/wp\/v2\/media?parent=128"}],"curies":[{"name":"wp","href":"https:\/\/api.w.org\/{rel}","templated":true}]}}