{"id":114,"date":"2024-11-10T21:54:13","date_gmt":"2024-11-10T20:54:13","guid":{"rendered":"https:\/\/purexbox.pl\/?page_id=114"},"modified":"2024-11-10T21:54:13","modified_gmt":"2024-11-10T20:54:13","slug":"polityka-prywatnosci-i-rodo","status":"publish","type":"page","link":"https:\/\/purexbox.pl\/index.php\/polityka-prywatnosci-i-rodo\/","title":{"rendered":"Polityka Prywatno\u015bci i RODO"},"content":{"rendered":"\n<p><strong>Klauzula Ochrony Prywatno\u015bci<\/strong><br>Stab Systems respektuje prawo do ochrony danych osobowych swoich klient\u00f3w oraz go\u015bci odwiedzaj\u0105cych t\u0119 stron\u0119. Opisana tutaj Klauzula Ochrony Prywatno\u015bci okre\u015bla kim jeste\u015bmy, jakie rodzaje danych zbieramy i przechowujemy oraz w jaki spos\u00f3b mo\u017cemy je wykorzysta\u0107. Klauzula zawiera te\u017c informacje o sposobie skontaktowania si\u0119 z nami na wypadek pojawienia si\u0119 pyta\u0144 lub obaw zwi\u0105zanych z posiadanymi przez nas informacjami o charakterze osobistym.<\/p>\n\n\n\n<p><strong>Kim jeste\u015bmy?<\/strong><br>Ta strona internetowa jest prowadzona przez Slab Systems Sp. z o.o., dostawcy i dystrybutora produkt\u00f3w stosowanych g\u0142\u00f3wnie w szeroko poj\u0119tym budownictwie. W dostarczanie Pa\u0144stwu towar\u00f3w, us\u0142ug i informacji mog\u0105 by\u0107 te\u017c zaanga\u017cowane inne oddzia\u0142y firmy wyszczeg\u00f3lnione na tej stronie.<\/p>\n\n\n\n<p><strong>Jakie informacje gromadzimy i jak je wykorzystujemy?<\/strong><br>Dane personalne, jakie zbieramy, pochodz\u0105 jedynie od naszych Klient\u00f3w. Gromadzone informacje obejmuj\u0105 zazwyczaj imi\u0119, nazwisko, miasto, telefon, e-mail i nazw\u0119 firmy. Mo\u017cemy r\u00f3wnie\u017c zbiera\u0107 szczeg\u00f3\u0142owe informacje o preferencjach u\u017cytkownik\u00f3w w czasie odwiedzania strony (zobacz: Pliki Cookies). Dane osobowe zostan\u0105 wykorzystane do zapewnienia Klientom aktualnych informacji o naszych produktach oraz us\u0142ugach. W ka\u017cdej chwili mo\u017cna zg\u0142osi\u0107 rezygnacj\u0119 z dostarczanych przez Slab Systems informacji za pomoc\u0105 formularza kontaktowego znajduj\u0105cego si\u0119 w serwisie.<\/p>\n\n\n\n<p><strong>Skontaktuj si\u0119 z nami<\/strong><br>Je\u015bli zechcesz uzupe\u0142ni\u0107 swoje dane osobowe, kt\u00f3re aktualnie przechowujemy lub gdy nie wyra\u017casz zgody na dalsze otrzymywanie naszych biuletyn\u00f3w informacyjnych, prosimy o skontaktowanie si\u0119 z nami poprzez wys\u0142anie wiadomo\u015bci E-mail na adres info@slab-systems.pl. Adres poczty elektronicznej jest chroniony przed robotami spamuj\u0105cymi. W przegl\u0105darce musi by\u0107 w\u0142\u0105czona obs\u0142uga JavaScript, \u017ceby go zobaczy\u0107. Do\u0142o\u017cymy wszelkich stara\u0144, aby spe\u0142ni\u0107 tak\u0105 pro\u015bb\u0119.<\/p>\n\n\n\n<p><strong>Witryny Zewn\u0119trzne<\/strong><br>Czasami nasza witryna mo\u017ce zawiera\u0107 \u0142\u0105cza do innych stron, kt\u00f3re nie s\u0105 zarz\u0105dzane przez Slab Systems. Zawsze staramy si\u0119 upewni\u0107, \u017ce opuszczaj\u0105c nasz\u0105 stron\u0119 u\u017cytkownik zostanie poinformowany o \u0142\u0105czeniu si\u0119 z witryn\u0105 nie podlegaj\u0105c\u0105 Slab Systems. W razie jakichkolwiek w\u0105tpliwo\u015bci, prosimy sprawdzi\u0107 pasek adresu wyszukiwarki. Je\u015bli adres witryny nie zaczyna si\u0119 od Slab-systems to znaczy, \u017ce u\u017cytkownik nie jest ju\u017c na naszej stronie. Staramy si\u0119 upewni\u0107, \u017ce polecane przez nas strony utrzymuj\u0105 r\u00f3wnie wysokie standardy ochrony danych osobowych, aczkolwiek nie mo\u017cemy przyj\u0105\u0107 na siebie odpowiedzialno\u015bci za jakiekolwiek informacje, kt\u00f3re u\u017cytkownik ujawnia na stronach innych ni\u017c Slab Systems.<\/p>\n\n\n\n<p><strong>Cookies<\/strong><br>Cookies to niewielkie pliki tekstowe \u015bci\u0105gane z witryn internetowych na Tw\u00f3j komputer w celu \u015bledzenia aktywno\u015bci sieciowej u\u017cytkownik\u00f3w sieci. Pliki Cookies witryny Slab Systems nie s\u0105 wykorzystywane do pozyskiwania poufnych lub osobistych informacji, s\u0142u\u017c\u0105 za\u015b do rejestrowania danych o odwiedzinach naszego serwisu, co pozwala nam dostosowa\u0107 ustawienia i tre\u015b\u0107 witryny do potrzeb naszych Klient\u00f3w. Je\u015bli u\u017cytkownik nie wyra\u017ca zgody na zapisywanie plik\u00f3w Cookie, mo\u017ce uniemo\u017cliwi\u0107 ich zapis post\u0119puj\u0105c zgodnie z instrukcjami producenta wykorzystywanej przez siebie przegl\u0105darki.<\/p>\n\n\n\n<p><strong>Bezpiecze\u0144stwo Danych<\/strong><br>Firma Slab Systems podejmuje rozs\u0105dne \u015brodki bezpiecze\u0144stwa w celu zapobiegni\u0119cia utraty, nieupowa\u017cnionego dost\u0119pu, u\u017cycia, zmiany oraz ujawnienia wszelkich danych osobowych nam powierzonych.<\/p>\n\n\n\n<p><strong>Dost\u0119p do danych osobowych<\/strong><br>Zgodnie z obowi\u0105zuj\u0105c\u0105 ustaw\u0105 o ochronie danych osobowych Klient ma prawo wiedzie\u0107, jakie informacje na jego temat przechowuje okre\u015blona organizacja i w jaki spos\u00f3b s\u0105 one przetwarzane. Je\u015bli u\u017cytkownik chce sprawdzi\u0107 tre\u015b\u0107 swoich danych osobowych, kt\u00f3re przechowujemy, prosimy wys\u0142a\u0107 wiadomo\u015b\u0107 e-mail na adres Slab Systems Adres poczty elektronicznej jest chroniony przed robotami spamuj\u0105cymi. W przegl\u0105darce musi by\u0107 w\u0142\u0105czona obs\u0142uga JavaScript.<\/p>\n","protected":false},"excerpt":{"rendered":"<p>Klauzula Ochrony Prywatno\u015bciStab Systems respektuje prawo do ochrony danych osobowych swoich klient\u00f3w oraz go\u015bci odwiedzaj\u0105cych t\u0119 stron\u0119. Opisana tutaj Klauzula Ochrony Prywatno\u015bci okre\u015bla kim jeste\u015bmy, jakie rodzaje danych zbieramy i przechowujemy oraz w jaki spos\u00f3b mo\u017cemy je wykorzysta\u0107. Klauzula zawiera te\u017c informacje o sposobie skontaktowania si\u0119 z nami na wypadek pojawienia si\u0119 pyta\u0144 lub obaw [&hellip;]<\/p>\n","protected":false},"author":1,"featured_media":0,"parent":0,"menu_order":0,"comment_status":"closed","ping_status":"closed","template":"","meta":{"_et_pb_use_builder":"off","_et_pb_old_content":"","_et_gb_content_width":"","footnotes":""},"class_list":["post-114","page","type-page","status-publish","hentry"],"_links":{"self":[{"href":"https:\/\/purexbox.pl\/index.php\/wp-json\/wp\/v2\/pages\/114","targetHints":{"allow":["GET"]}}],"collection":[{"href":"https:\/\/purexbox.pl\/index.php\/wp-json\/wp\/v2\/pages"}],"about":[{"href":"https:\/\/purexbox.pl\/index.php\/wp-json\/wp\/v2\/types\/page"}],"author":[{"embeddable":true,"href":"https:\/\/purexbox.pl\/index.php\/wp-json\/wp\/v2\/users\/1"}],"replies":[{"embeddable":true,"href":"https:\/\/purexbox.pl\/index.php\/wp-json\/wp\/v2\/comments?post=114"}],"version-history":[{"count":1,"href":"https:\/\/purexbox.pl\/index.php\/wp-json\/wp\/v2\/pages\/114\/revisions"}],"predecessor-version":[{"id":115,"href":"https:\/\/purexbox.pl\/index.php\/wp-json\/wp\/v2\/pages\/114\/revisions\/115"}],"wp:attachment":[{"href":"https:\/\/purexbox.pl\/index.php\/wp-json\/wp\/v2\/media?parent=114"}],"curies":[{"name":"wp","href":"https:\/\/api.w.org\/{rel}","templated":true}]}}