{"id":110,"date":"2024-11-10T21:52:24","date_gmt":"2024-11-10T20:52:24","guid":{"rendered":"https:\/\/purexbox.pl\/?page_id=110"},"modified":"2024-11-10T21:52:24","modified_gmt":"2024-11-10T20:52:24","slug":"kontakt","status":"publish","type":"page","link":"https:\/\/purexbox.pl\/index.php\/kontakt\/","title":{"rendered":"Kontakt"},"content":{"rendered":"\n<p><strong>e-mail: info@slab-systems.pl<\/strong><\/p>\n\n\n\n<p>DANE FIRMY<br><strong>Slab Systems Sp. z o.o.<\/strong><br>Plastowo 9, 64-061 Kamieniec<\/p>\n\n\n\n<p>NIP 995-02-12-023<br>KRS: 0000343324, S\u0105d Rejonowy Pozna\u0144 \u2013 Nowe Miasto i Wilda w Poznaniu, VIII Wydzia\u0142 Gospodarczy KRS<br>KAPITA\u0141 zak\u0142adowy: 775 000.00 z\u0142<br>NUMER konta: 51 1160 2202 0000 0001 7404 2136<\/p>\n","protected":false},"excerpt":{"rendered":"<p>e-mail: info@slab-systems.pl DANE FIRMYSlab Systems Sp. z o.o.Plastowo 9, 64-061 Kamieniec NIP 995-02-12-023KRS: 0000343324, S\u0105d Rejonowy Pozna\u0144 \u2013 Nowe Miasto i Wilda w Poznaniu, VIII Wydzia\u0142 Gospodarczy KRSKAPITA\u0141 zak\u0142adowy: 775 000.00 z\u0142NUMER konta: 51 1160 2202 0000 0001 7404 2136<\/p>\n","protected":false},"author":1,"featured_media":0,"parent":0,"menu_order":0,"comment_status":"closed","ping_status":"closed","template":"","meta":{"_et_pb_use_builder":"off","_et_pb_old_content":"","_et_gb_content_width":"","footnotes":""},"class_list":["post-110","page","type-page","status-publish","hentry"],"_links":{"self":[{"href":"https:\/\/purexbox.pl\/index.php\/wp-json\/wp\/v2\/pages\/110","targetHints":{"allow":["GET"]}}],"collection":[{"href":"https:\/\/purexbox.pl\/index.php\/wp-json\/wp\/v2\/pages"}],"about":[{"href":"https:\/\/purexbox.pl\/index.php\/wp-json\/wp\/v2\/types\/page"}],"author":[{"embeddable":true,"href":"https:\/\/purexbox.pl\/index.php\/wp-json\/wp\/v2\/users\/1"}],"replies":[{"embeddable":true,"href":"https:\/\/purexbox.pl\/index.php\/wp-json\/wp\/v2\/comments?post=110"}],"version-history":[{"count":1,"href":"https:\/\/purexbox.pl\/index.php\/wp-json\/wp\/v2\/pages\/110\/revisions"}],"predecessor-version":[{"id":111,"href":"https:\/\/purexbox.pl\/index.php\/wp-json\/wp\/v2\/pages\/110\/revisions\/111"}],"wp:attachment":[{"href":"https:\/\/purexbox.pl\/index.php\/wp-json\/wp\/v2\/media?parent=110"}],"curies":[{"name":"wp","href":"https:\/\/api.w.org\/{rel}","templated":true}]}}