{"id":104,"date":"2024-11-10T21:48:50","date_gmt":"2024-11-10T20:48:50","guid":{"rendered":"https:\/\/purexbox.pl\/?page_id=104"},"modified":"2024-11-12T02:40:06","modified_gmt":"2024-11-12T01:40:06","slug":"warunki-handlowe","status":"publish","type":"page","link":"https:\/\/purexbox.pl\/index.php\/warunki-handlowe\/","title":{"rendered":"Warunki handlowe"},"content":{"rendered":"[et_pb_section admin_label=&#8221;section&#8221;]\n\t\t\t[et_pb_row admin_label=&#8221;row&#8221;]\n\t\t\t\t[et_pb_column type=&#8221;4_4&#8243;][et_pb_text admin_label=&#8221;Text&#8221;]\n<p>Dzi\u0119kujemy za zapoznanie si\u0119 z dokumentem Og\u00f3lnych Warunk\u00f3w Sprzeda\u017cy.<\/p>\n\n\n\n<p>Informujemy, \u017ce faktury s\u0105 wysy\u0142ane drog\u0105 mailow\u0105 na wskazany adres. <\/p>\n\n\n\n<p><\/p>\n\n\n\n<p><a href=\"https:\/\/purexbox.pl\/wp-content\/uploads\/2024\/11\/Ogolne-warunki-sprzedazy-Slab-Systems.pdf\">Og\u00f3lne-warunki-sprzeda\u017cy<\/a><\/p>\n\n\n<p><a href=\"https:\/\/purexbox.pl\/wp-content\/uploads\/2024\/11\/zgoda-na-e-fakture.pdf\">Zgoda-na-e-faktur\u0119<\/a><\/p>\n<p><a href=\"https:\/\/purexbox.pl\/wp-content\/uploads\/2024\/11\/wycofanie-zgody-na-e-fakture-1.pdf\">Wycofanie-zgody-na-e-faktur\u0119<\/a><\/p>\n\n\n<div class=\"wp-block-buttons is-layout-flex wp-block-buttons-is-layout-flex\"><\/div>\n[\/et_pb_text][\/et_pb_column]\n\t\t\t[\/et_pb_row]\n\t\t[\/et_pb_section]","protected":false},"excerpt":{"rendered":"<p>Dzi\u0119kujemy za zapoznanie si\u0119 z dokumentem Og\u00f3lnych Warunk\u00f3w Sprzeda\u017cy. Informujemy, \u017ce faktury s\u0105 wysy\u0142ane drog\u0105 mailow\u0105 na wskazany adres. Og\u00f3lne-warunki-sprzeda\u017cy Zgoda-na-e-faktur\u0119 Wycofanie-zgody-na-e-faktur\u0119<\/p>\n","protected":false},"author":1,"featured_media":0,"parent":0,"menu_order":0,"comment_status":"closed","ping_status":"closed","template":"","meta":{"_et_pb_use_builder":"on","_et_pb_old_content":"<!-- wp:paragraph -->\n<p>Dzi\u0119kujemy za zapoznanie si\u0119 z dokumentem Og\u00f3lnych Warunk\u00f3w Sprzeda\u017cy.<\/p>\n<!-- \/wp:paragraph -->\n\n<!-- wp:paragraph -->\n<p>Informujemy, \u017ce faktury s\u0105 wysy\u0142ane drog\u0105 mailow\u0105 na wskazany adres. <\/p>\n<!-- \/wp:paragraph -->\n\n<!-- wp:paragraph -->\n<p><\/p>\n<!-- \/wp:paragraph -->\n\n<!-- wp:paragraph -->\n<p><a href=\"https:\/\/purexbox.pl\/wp-content\/uploads\/2024\/11\/Ogolne-warunki-sprzedazy-Slab-Systems.pdf\">Og\u00f3lne-warunki-sprzeda\u017cy<\/a><\/p>\n<!-- \/wp:paragraph -->\n\n<p><a href=\"https:\/\/purexbox.pl\/wp-content\/uploads\/2024\/11\/zgoda-na-e-fakture.pdf\">Zgoda-na-e-faktur\u0119<\/a><\/p>\n<p><a href=\"https:\/\/purexbox.pl\/wp-content\/uploads\/2024\/11\/wycofanie-zgody-na-e-fakture-1.pdf\">Wycofanie-zgody-na-e-faktur\u0119<\/a><\/p>\n\n<!-- wp:buttons {\"layout\":{\"type\":\"flex\"}} -->\n<div class=\"wp-block-buttons\"><!-- wp:button -->\n<div class=\"wp-block-button\"><a class=\"wp-block-button__link wp-element-button\"><\/a><\/div>\n<!-- \/wp:button --><\/div>\n<!-- \/wp:buttons -->","_et_gb_content_width":"","footnotes":""},"class_list":["post-104","page","type-page","status-publish","hentry"],"_links":{"self":[{"href":"https:\/\/purexbox.pl\/index.php\/wp-json\/wp\/v2\/pages\/104","targetHints":{"allow":["GET"]}}],"collection":[{"href":"https:\/\/purexbox.pl\/index.php\/wp-json\/wp\/v2\/pages"}],"about":[{"href":"https:\/\/purexbox.pl\/index.php\/wp-json\/wp\/v2\/types\/page"}],"author":[{"embeddable":true,"href":"https:\/\/purexbox.pl\/index.php\/wp-json\/wp\/v2\/users\/1"}],"replies":[{"embeddable":true,"href":"https:\/\/purexbox.pl\/index.php\/wp-json\/wp\/v2\/comments?post=104"}],"version-history":[{"count":5,"href":"https:\/\/purexbox.pl\/index.php\/wp-json\/wp\/v2\/pages\/104\/revisions"}],"predecessor-version":[{"id":312,"href":"https:\/\/purexbox.pl\/index.php\/wp-json\/wp\/v2\/pages\/104\/revisions\/312"}],"wp:attachment":[{"href":"https:\/\/purexbox.pl\/index.php\/wp-json\/wp\/v2\/media?parent=104"}],"curies":[{"name":"wp","href":"https:\/\/api.w.org\/{rel}","templated":true}]}}